{"id":709,"date":"2016-03-24T13:37:57","date_gmt":"2016-03-24T13:37:57","guid":{"rendered":"http:\/\/www.bluesisroots.fr\/?page_id=709"},"modified":"2023-07-18T14:08:06","modified_gmt":"2023-07-18T14:08:06","slug":"influencesreferencessources","status":"publish","type":"page","link":"http:\/\/www.bluesisroots.fr\/?page_id=709","title":{"rendered":"Influences\/r\u00e9f\u00e9rences\/sources"},"content":{"rendered":"<ul>\n<li><a href=\"http:\/\/www.bluesisroots.fr\/wp-content\/uploads\/2015\/02\/1431_865074-400x500.jpeg\" rel=\"attachment wp-att-49\"><img loading=\"lazy\" decoding=\"async\" class=\"alignnone size-medium wp-image-49\" src=\"http:\/\/www.bluesisroots.fr\/wp-content\/uploads\/2015\/02\/1431_865074-400x500-240x300.jpeg\" alt=\"1431_865074-400x500\" width=\"240\" height=\"300\" srcset=\"http:\/\/www.bluesisroots.fr\/wp-content\/uploads\/2015\/02\/1431_865074-400x500-240x300.jpeg 240w, http:\/\/www.bluesisroots.fr\/wp-content\/uploads\/2015\/02\/1431_865074-400x500.jpeg 400w\" sizes=\"auto, (max-width: 240px) 100vw, 240px\" \/><\/a><\/li>\n<\/ul>\n<p>On a essay\u00e9 d&rsquo;\u00eatre exhaustifs, on en a s\u00fbrement oubli\u00e9, ignor\u00e9s, on est probablement pass\u00e9 \u00e0 c\u00f4t\u00e9 de plein de livres, disques, images, vid\u00e9os&#8230; N&rsquo;h\u00e9sitez pas \u00e0 nous en faire part !<\/p>\n<p>On continue d&rsquo;en rajouter jours apr\u00e8s jours&#8230;<\/p>\n<p><!--more--><\/p>\n<p><span style=\"font-size: x-large;\"><b>Blues Men :<\/b><\/span><\/p>\n<ul>\n<li><b> <\/b><strong><em>Son House : <\/em><\/strong>\u00abDeath Letter\u00bb (1965) ;&nbsp;\u00abGrinnin&rsquo; in your face\u00bb (1965)<\/li>\n<\/ul>\n<ul>\n<li><strong><em>Skip James : <\/em><\/strong>\u00ab Hard time killing floor blues \u00bb (1967) ; \u00ab Crow jane \u00bb (1966)<\/li>\n<li><strong><em>Robert Johnson : <\/em><\/strong>\u00ab Crossroads blues \u00bb (1937) ; \u00ab Sweet home chicago \u00bb (1937)<\/li>\n<\/ul>\n<hr>\n<p><span style=\"font-size: x-large;\"><b>Women :<\/b><\/span><\/p>\n<ul>\n<li><strong><em>Bessie Smith : <\/em><\/strong>\u00ab Nobody knows you when you&rsquo;re down and out \u00bb (1929)<\/li>\n<li><em><strong>Memphis Minnie :<\/strong><\/em>\u00ab Ain&rsquo;t nothing in rambling \u00bb (1940)<\/li>\n<li><em><strong>Billie Holiday: <\/strong><\/em>\u00ab Strange fruits \u00bb (1939)<\/li>\n<\/ul>\n<hr>\n<p><span style=\"font-size: x-large;\"><b>Country :<\/b><\/span><\/p>\n<ul>\n<li><em><strong>Tenessee Ernie Ford : <\/strong><\/em>\u00ab Mule Train \u00bb (1950)<\/li>\n<li><strong>The Rooftop Singers<\/strong><i>: \u00ab I&rsquo;ve Been Working on the Railroad \u00bb<\/i><\/li>\n<\/ul>\n<hr>\n<p><span style=\"font-size: x-large;\"><b>Boogie Woogie :<\/b><\/span><\/p>\n<ul>\n<li><em><strong>RL Burnside : <\/strong><\/em>\u00abJumper on the line\u00bb (1981)<\/li>\n<li><em><strong>Johnn Lee Hooker : <\/strong><\/em>\u00ab Bom bom bom \u00bb (voir la version des Animals dans le dernier james bond ) (1969)<\/li>\n<\/ul>\n<hr>\n<p><span style=\"font-size: x-large;\"><b>Rock&rsquo;n&rsquo;Roll :<\/b><\/span><\/p>\n<ul>\n<li><strong><em>Johnny Cash : <\/em><\/strong>\u00ab Number Thirteen \u00bb (1994)<\/li>\n<li><em><strong>Chuck berry : \u00ab <\/strong>J<\/em>ohnny be good \u00bb (1957)<\/li>\n<li><em><strong>Elvis Presley : \u00ab <\/strong><\/em>Jail House Rock \u00bb (1957) ; \u00ab Hound dog \u00bb (1956)&nbsp; &nbsp; &nbsp; &nbsp; (Voir aussi <strong>Big Mama Thornton<\/strong> \u00ab Hound dog \u00bb)<\/li>\n<\/ul>\n<hr>\n<p><span style=\"font-size: x-large;\"><b>Soul Music :<\/b><\/span><\/p>\n<ul>\n<li><em><strong>Ray charles : <\/strong><\/em>\u00ab Hitting the road jack \u00bb (1961)<\/li>\n<li><em><strong>Nina Simone : \u00ab <\/strong><\/em>Feelin&rsquo; Good \u00bb (1965)<\/li>\n<li><strong>Sam Cooke: <\/strong><em> \u00ab <\/em><em>Wonderful World \u00bb (1967)<\/em><\/li>\n<li><strong>Aretha Franklin<\/strong>: <em>\u00ab <\/em><em>Today I Sing the Blues<\/em>&nbsp;\u00bb (1969)<\/li>\n<\/ul>\n<hr>\n<p><span style=\"font-size: x-large;\"><b>Le Funk :<\/b><\/span><\/p>\n<ul>\n<li><strong>James Brown : \u00ab <\/strong><em>I Feel Good \u00bb (1964)<\/em><\/li>\n<li><strong>George Clinton :<\/strong> \u00ab <em>Computer Games \u00bb <\/em>(1982)<\/li>\n<li><strong>Sly and the Family Stone: <\/strong><em><strong>\u00ab <\/strong>A Whole New Thing \u00bb<\/em> (1967)<\/li>\n<\/ul>\n<hr>\n<p><span style=\"font-size: x-large;\"><b>Le Hip Hop:<\/b><\/span><\/p>\n<ul>\n<li><strong>Afrika bambatta : <\/strong>\u00ab Zulu nation throw down \u00bb (1980)<\/li>\n<li><em><strong>Sugar hill band : <\/strong><\/em>\u00ab Rappers delight&rsquo;s \u00bb (1979)<\/li>\n<\/ul>\n<p>Et le premier rap ?<\/p>\n<ul>\n<li><strong>Bo Diddley : \u00ab <\/strong>Who do you love \u00bb (1956)<\/li>\n<\/ul>\n<hr>\n<p><span style=\"font-size: x-large;\"><b>Les livres<\/b><\/span>&nbsp;:<\/p>\n<ul>\n<li><em>\u00ab Nothing but the Blues : the Music and the Musicians \u00bb<\/em>, Lawrence Cohn (1999)<\/li>\n<li>\u00ab<em> Les h\u00e9ros oubli\u00e9s du rock&rsquo;n &lsquo;roll : les ann\u00e9es sauvages du Rock avant Elvis\u00bb,<\/em> Nick Tosches&nbsp; (1970)<\/li>\n<li><em>\u00ab Awopbopaloobop-alopbamboom \u00bb, <\/em>Nick Cohn (1970)<\/li>\n<li><em>\u00ab Que sais-je ?- le blues \u00bb, <\/em>G\u00e9rard Herzhaft (2015)<\/li>\n<li><em>\u00ab Le monde du blues \u00bb, <\/em>Paul oliver (2002)<\/li>\n<li><em>\u00ab <\/em>California Dreamin&rsquo;<em> \u00bb, P\u00e9n\u00e9lope Bagieu (2015)<\/em><\/li>\n<\/ul>\n<p>Etc&#8230;<br \/>\n<b><\/b><\/p>\n<hr>\n<p><span style=\"font-size: x-large;\"><b>Les Films, documentaires et biopics&nbsp;<\/b><\/span><\/p>\n<p>Les indispensables&#8230;<\/p>\n<ul>\n<li><strong><em>Martin Scorsese pr\u00e9sente Le Blues<\/em><\/strong> &#8211; Coffret de 7 films : A l\u2019initiative de Martin Scorsese, sept r\u00e9alisateurs, tous passionn\u00e9s de musique, remontent aux sources du Blues, en conjuguant leur talent de cin\u00e9aste et leur passion du Blues. En \u00e9voquant et pr\u00e9servant cet h\u00e9ritage, ces sept talents honorent de mani\u00e8re in\u00e9dite et magistrale cette musique universelle\u2026<\/li>\n<li><strong><em>The soul of a man, <\/em><\/strong>de Wim Wenders avec Keith B. Brown, Chris Thomas King, Nick Cave<\/li>\n<li><em><strong>La Route de Memphis<\/strong> <\/em>(The Road to Memphis) de Richard Pearce<\/li>\n<li><strong><em>Du Mali au Mississippi<\/em><\/strong>, de Martin Scorsese, avec Corey Harris, Taj Mahal, Ali Farka Tour\u00e9<\/li>\n<li>&nbsp;<strong><em>Devil&rsquo;s fire<\/em> <\/strong>de Charles Burnett avec Tommy Redmond Hicks, Nathaniel Lee Jr<\/li>\n<li><strong><em>Red White and Blues,<\/em><\/strong> de Mike Figgis avec Tom Jones, B.B. King, Eric Clapton<\/li>\n<li><em><strong>The soul of a ma<\/strong><strong>n<\/strong><\/em>, de Wim Wenders avec Keith B. Brown, Chris Thomas King, Nick Cave<\/li>\n<li>&nbsp;<strong><em>Godfathers and sons<\/em><\/strong>, de Marc Levin (o\u00f9 l\u2019on se penche sur le m\u00e9lange RAP\/BLUES)<br \/>\no Piano Blues, de Clint Eastwood<\/li>\n<li><em><strong>&nbsp;Piano Blues , <\/strong><\/em>par le grand Clint (Eastwood je veux dire)<\/li>\n<li><strong><em>The Beatles Get Back,<\/em><\/strong> de Peter Jackson (2021)<\/li>\n<li><em><strong>Woodstock &#8211; 3 Days of Peace, Music&#8230;and Love,<\/strong><\/em> par Michael Wadleigh (1970)<\/li>\n<\/ul>\n<p><strong>Mais aussi:&nbsp;<\/strong><\/p>\n<ul>\n<li><strong><em>Cadillac Records<\/em><\/strong>, de Darnell Martin avec Adrien Brody, Beyonc\u00e9 Knowles, Jeffrey Wright &#8211; <em>Chicago, ann\u00e9es 1950. Leonard Chess et Phil Chess cr\u00e9ent le label Chess Records. Ils signent les plus grandes stars du blues : Muddy Waters, Howlin&rsquo; Wolf ou encore Chuck Berry&#8230;<\/em><\/li>\n<\/ul>\n<ul>\n<li><strong><em>Nina<\/em><\/strong>, de Cynthia Mort avec Zoe Saldana, David Oyelowo, Mike Epps (2016)<\/li>\n<li><strong><em>Respect<\/em><\/strong>, de Liesl Tommy avec Jennifer Hudson, Forest Whitaker (2021) \u2013 Le film suit l\u2019ascension de la carri\u00e8re d&rsquo;Aretha Franklin.<\/li>\n<li><strong><em>Walk the Line<\/em><\/strong>, de James Mangold avec Joaquin Phoenix, Reese Witherspoon, Robert Patrick (2005) : Le film retrace le destin du chanteur country-rock Johnny Cash.<\/li>\n<li><strong><em>Notorious<\/em><\/strong>, de George Tillman Jr, avec Jamal Woolard, Derek Luke (2009)<\/li>\n<li><em><strong>Get on up, <\/strong><\/em>de Tate Taylor : sur la vie de James Brown.<\/li>\n<li><em><strong>Ray, <\/strong><\/em>de Taylor Hackford avec Jamie Foxx, Regina King et Kerry Washington (2004)&nbsp; sur la vie de Ray Charles.<\/li>\n<li><em><strong>Hail Hail rock&rsquo;n&rsquo;roll, <\/strong><\/em>de Tailor Hackford (1987)<em><strong> :<\/strong><\/em> sur la vie de Chuck berry.<\/li>\n<li><em><strong>Honkytonk man, <\/strong><\/em>de Clint Eastwood (1982)<\/li>\n<li>\n<div><strong><em>Sugar Man,<\/em><\/strong> de Malik Benjelloul (2012)<\/div>\n<\/li>\n<li><em><strong>Janis<\/strong><\/em>, de Amy Berg (2015) : sur la vie de Janis Joplin.<\/li>\n<\/ul>\n<div>\n<hr>\n<\/div>\n<p><b style=\"font-size: x-large;\">Les S\u00e9ries<\/b><\/p>\n<ul>\n<li><strong><em>The Get Down, <\/em><\/strong>de Baz Luhrmann &amp; Stephen Adly Guirgis (2016) &#8211; Cette s\u00e9rie prend place dans le Bronx des ann\u00e9es 1970 et retrace la gen\u00e8se de la culture Hip-hop et Disco n\u00e9e \u00e0 New York \u00e0 travers un groupe d&rsquo;adolescents.<\/li>\n<li><strong><em>Montre jamais \u00e7a \u00e0 personne,<\/em><\/strong> de Cl\u00e9ment Cotentin : cette s\u00e9rie documentaire revient sur le chemin parcouru par le rapeur Orelsan depuis ses d\u00e9buts, \u00e0 travers une immersion intime dans les coulisses de sa vie racont\u00e9e et film\u00e9e en majeure partie par son fr\u00e8re Cl\u00e9ment qui l\u2019a suivi pendant pr\u00e8s de 20 ans avec sa camera.<\/li>\n<\/ul>\n<p><!--more--><\/p>\n","protected":false},"excerpt":{"rendered":"<p>On a essay\u00e9 d&rsquo;\u00eatre exhaustifs, on en a s\u00fbrement oubli\u00e9, ignor\u00e9s, on est probablement pass\u00e9 \u00e0 c\u00f4t\u00e9 de plein de livres, disques, images, vid\u00e9os&#8230; N&rsquo;h\u00e9sitez pas \u00e0 nous en faire part ! On continue d&rsquo;en rajouter jours apr\u00e8s jours&#8230;<\/p>\n","protected":false},"author":1,"featured_media":0,"parent":0,"menu_order":0,"comment_status":"closed","ping_status":"closed","template":"page-three.php","meta":{"footnotes":""},"tags":[],"class_list":["post-709","page","type-page","status-publish","hentry"],"_links":{"self":[{"href":"http:\/\/www.bluesisroots.fr\/index.php?rest_route=\/wp\/v2\/pages\/709","targetHints":{"allow":["GET"]}}],"collection":[{"href":"http:\/\/www.bluesisroots.fr\/index.php?rest_route=\/wp\/v2\/pages"}],"about":[{"href":"http:\/\/www.bluesisroots.fr\/index.php?rest_route=\/wp\/v2\/types\/page"}],"author":[{"embeddable":true,"href":"http:\/\/www.bluesisroots.fr\/index.php?rest_route=\/wp\/v2\/users\/1"}],"replies":[{"embeddable":true,"href":"http:\/\/www.bluesisroots.fr\/index.php?rest_route=%2Fwp%2Fv2%2Fcomments&post=709"}],"version-history":[{"count":25,"href":"http:\/\/www.bluesisroots.fr\/index.php?rest_route=\/wp\/v2\/pages\/709\/revisions"}],"predecessor-version":[{"id":1078,"href":"http:\/\/www.bluesisroots.fr\/index.php?rest_route=\/wp\/v2\/pages\/709\/revisions\/1078"}],"wp:attachment":[{"href":"http:\/\/www.bluesisroots.fr\/index.php?rest_route=%2Fwp%2Fv2%2Fmedia&parent=709"}],"wp:term":[{"taxonomy":"post_tag","embeddable":true,"href":"http:\/\/www.bluesisroots.fr\/index.php?rest_route=%2Fwp%2Fv2%2Ftags&post=709"}],"curies":[{"name":"wp","href":"https:\/\/api.w.org\/{rel}","templated":true}]}}